{"id":13868,"date":"2019-07-09T12:20:12","date_gmt":"2019-07-09T10:20:12","guid":{"rendered":"http:\/\/novlek.com\/product\/bouchons-cache-vis-bois\/"},"modified":"2023-11-06T08:14:20","modified_gmt":"2023-11-06T07:14:20","slug":"houten-tappen","status":"publish","type":"product","link":"https:\/\/novlek.com\/nl\/producten\/houten-tappen\/","title":{"rendered":"Houten tappen"},"content":{"rendered":"<section class=\"wpb-content-wrapper\"><p>[vc_row fullwidth=&#8221;has-fullwidth-column&#8221; margin_top=&#8221;60&#8243;][vc_column][vc_custom_heading text=&#8221;VOORDELEN&#8221; font_container=&#8221;tag:h3|font_size:36px|text_align:center&#8221; use_theme_fonts=&#8221;&#8221; google_fonts=&#8221;font_family:Roboto%20Condensed%3A300%2C300italic%2Cregular%2Citalic%2C700%2C700italic|font_style:700%20bold%20regular%3A700%3Anormal&#8221; margin_bottom=&#8221;30px&#8221;]<div class=\" separator separator_center\" style=\"width:40%; \">\r\n\t\t\t\t\t<span class=\"sep_holder sep_holder_l\"><span style=\"border-top-style:solid; border-color:#000000\" class=\"sep_line\"><\/span><\/span>\r\n\t\t\t\t\t\r\n\t\t\t\t\t<span class=\"sep_holder sep_holder_r\"><span style=\"border-top-style:solid; border-color:#000000\" class=\"sep_line\"><\/span><\/span>\r\n\t\t\t\t<\/div>[vc_empty_space][vc_row_inner margin_top=&#8221;30px&#8221; margin_bottom=&#8221;90px&#8221;][vc_column_inner align=&#8221;center&#8221; offset=&#8221;vc_col-md-offset-1 vc_col-md-4&#8243;][vc_raw_html]W2JvdWNob25fSVBFX05MXQ==[\/vc_raw_html][\/vc_column_inner][vc_column_inner offset=&#8221;vc_col-md-6&#8243;][vc_custom_heading text=&#8221;Leverbaar in vele houtsoorten&#8221; font_container=&#8221;tag:h4|font_size:20px|text_align:left&#8221;][vc_column_text]Er is een groot aantal tappen leverbaar in exotisch, harshoudend of aangepast hout voor planken van elke houtsoort, en dat zorgt voor een perfecte en hoogwaardige afwerking.[\/vc_column_text]<div class=\" agni-image custom-image-container agni-image-default text-left\">\r\n\t\t\t<figure class=\"agni-image-figure\">\r\n\t\t\t\t<img  width=\"2000\" height=\"582\" src=\"https:\/\/novlek.com\/wp-content\/uploads\/2019\/07\/bouchon-essences-2021.jpg\" class=\"fullwidth-image attachment-full  attachment-full\" alt=\"\" decoding=\"async\" loading=\"lazy\" title=\"bouchon-essences-2021\" srcset=\"https:\/\/novlek.com\/wp-content\/uploads\/2019\/07\/bouchon-essences-2021.jpg 2000w, https:\/\/novlek.com\/wp-content\/uploads\/2019\/07\/bouchon-essences-2021-300x87.jpg 300w, https:\/\/novlek.com\/wp-content\/uploads\/2019\/07\/bouchon-essences-2021-1024x298.jpg 1024w, https:\/\/novlek.com\/wp-content\/uploads\/2019\/07\/bouchon-essences-2021-768x223.jpg 768w, https:\/\/novlek.com\/wp-content\/uploads\/2019\/07\/bouchon-essences-2021-1536x447.jpg 1536w, https:\/\/novlek.com\/wp-content\/uploads\/2019\/07\/bouchon-essences-2021-960x279.jpg 960w, https:\/\/novlek.com\/wp-content\/uploads\/2019\/07\/bouchon-essences-2021-600x175.jpg 600w\" sizes=\"(max-width: 2000px) 100vw, 2000px\" \/>\r\n\t\t\t\t<figcaption class=\"vc_figure-caption\"><\/figcaption>\r\n\t\t\t<\/figure>\r\n\t\t<\/div>[\/vc_column_inner][\/vc_row_inner][\/vc_column][\/vc_row][vc_row bg_color=&#8221;#eceded&#8221; gap=&#8221;10&#8243; equal_height=&#8221;yes&#8221;][vc_column padding_top=&#8221;30&#8243;][vc_custom_heading text=&#8221;GEBRUIK&#8221; font_container=&#8221;tag:h3|font_size:36px|text_align:center&#8221; use_theme_fonts=&#8221;&#8221; google_fonts=&#8221;font_family:Roboto%20Condensed%3A300%2C300italic%2Cregular%2Citalic%2C700%2C700italic|font_style:700%20bold%20regular%3A700%3Anormal&#8221;][vc_row_inner gap=&#8221;25&#8243;][vc_column_inner offset=&#8221;vc_col-md-offset-3 vc_col-md-6&#8243;]<div class=\" separator separator_center\" style=\"width:100%; \">\r\n\t\t\t\t\t<span class=\"sep_holder sep_holder_l\"><span style=\"border-top-style:solid; border-color:#000000\" class=\"sep_line\"><\/span><\/span>\r\n\t\t\t\t\t\r\n\t\t\t\t\t<span class=\"sep_holder sep_holder_r\"><span style=\"border-top-style:solid; border-color:#000000\" class=\"sep_line\"><\/span><\/span>\r\n\t\t\t\t<\/div>[\/vc_column_inner][\/vc_row_inner][vc_row_inner gap=&#8221;15&#8243;][vc_column_inner offset=&#8221;vc_col-md-offset-1 vc_col-md-10&#8243;][vc_column_text padding_top=&#8221;20&#8243;]<\/p>\n<p style=\"text-align: center;\">De tap moet zodanig worden geplaatst dat de richting van de nerf van het hout wordt gevolgd.<\/p>\n<p style=\"text-align: center;\">De afgeschuinde rand vergemakkelijkt het plaatsen van de tap in het gat.<\/p>\n<p>[\/vc_column_text][\/vc_column_inner][\/vc_row_inner][vc_row_inner gap=&#8221;10&#8243; margin_top=&#8221;20&#8243;][vc_column_inner offset=&#8221;vc_col-md-3&#8243;]<div class=\" agni-image custom-image-container agni-image-default text-left\">\r\n\t\t\t<figure class=\"agni-image-figure\">\r\n\t\t\t\t<img  width=\"800\" height=\"533\" src=\"https:\/\/novlek.com\/wp-content\/uploads\/2019\/07\/bouchons-colle.jpg\" class=\"fullwidth-image attachment-full  attachment-full\" alt=\"\" decoding=\"async\" loading=\"lazy\" title=\"bouchons-colle\" srcset=\"https:\/\/novlek.com\/wp-content\/uploads\/2019\/07\/bouchons-colle.jpg 800w, https:\/\/novlek.com\/wp-content\/uploads\/2019\/07\/bouchons-colle-300x200.jpg 300w, https:\/\/novlek.com\/wp-content\/uploads\/2019\/07\/bouchons-colle-768x512.jpg 768w, https:\/\/novlek.com\/wp-content\/uploads\/2019\/07\/bouchons-colle-600x400.jpg 600w\" sizes=\"(max-width: 800px) 100vw, 800px\" \/>\r\n\t\t\t\t<figcaption class=\"vc_figure-caption\"><\/figcaption>\r\n\t\t\t<\/figure>\r\n\t\t<\/div>[vc_column_text]<\/p>\n<h6>PU D4-lijm<\/h6>\n<p>[\/vc_column_text][vc_column_text]De tappen moeten worden gelijmd met een houtlijm met polyurethaan (PU) D4 (NF EN 204).[\/vc_column_text][\/vc_column_inner][vc_column_inner offset=&#8221;vc_col-md-3&#8243;]<div class=\" agni-image custom-image-container agni-image-default text-left\">\r\n\t\t\t<figure class=\"agni-image-figure\">\r\n\t\t\t\t<img  width=\"800\" height=\"533\" src=\"https:\/\/novlek.com\/wp-content\/uploads\/2019\/07\/bouchons-depasser.jpg\" class=\"fullwidth-image attachment-full  attachment-full\" alt=\"\" decoding=\"async\" loading=\"lazy\" title=\"bouchons-depasser\" srcset=\"https:\/\/novlek.com\/wp-content\/uploads\/2019\/07\/bouchons-depasser.jpg 800w, https:\/\/novlek.com\/wp-content\/uploads\/2019\/07\/bouchons-depasser-300x200.jpg 300w, https:\/\/novlek.com\/wp-content\/uploads\/2019\/07\/bouchons-depasser-768x512.jpg 768w, https:\/\/novlek.com\/wp-content\/uploads\/2019\/07\/bouchons-depasser-600x400.jpg 600w\" sizes=\"(max-width: 800px) 100vw, 800px\" \/>\r\n\t\t\t\t<figcaption class=\"vc_figure-caption\"><\/figcaption>\r\n\t\t\t<\/figure>\r\n\t\t<\/div>[vc_column_text]<\/p>\n<h6>Laat de tap 2 tot 3 mm uitsteken<\/h6>\n<p>[\/vc_column_text][vc_column_text]aat de tap 2 tot 3 mm uitsteken boven het oppervlak, dan kunt u ze eenvoudig afzagen of afhakken voor een onberispelijke afwerking en een naadloze tap.<br \/>\nDe ideale boordiepte is 7 mm.<\/p>\n<p>[\/vc_column_text][\/vc_column_inner][vc_column_inner offset=&#8221;vc_col-md-3&#8243;]<div class=\" agni-image custom-image-container agni-image-default text-left\">\r\n\t\t\t<figure class=\"agni-image-figure\">\r\n\t\t\t\t<img  width=\"800\" height=\"533\" src=\"https:\/\/novlek.com\/wp-content\/uploads\/2019\/07\/bouchons-scie.jpg\" class=\"fullwidth-image attachment-full  attachment-full\" alt=\"\" decoding=\"async\" loading=\"lazy\" title=\"bouchons-scie\" srcset=\"https:\/\/novlek.com\/wp-content\/uploads\/2019\/07\/bouchons-scie.jpg 800w, https:\/\/novlek.com\/wp-content\/uploads\/2019\/07\/bouchons-scie-300x200.jpg 300w, https:\/\/novlek.com\/wp-content\/uploads\/2019\/07\/bouchons-scie-768x512.jpg 768w, https:\/\/novlek.com\/wp-content\/uploads\/2019\/07\/bouchons-scie-600x400.jpg 600w\" sizes=\"(max-width: 800px) 100vw, 800px\" \/>\r\n\t\t\t\t<figcaption class=\"vc_figure-caption\"><\/figcaption>\r\n\t\t\t<\/figure>\r\n\t\t<\/div>[vc_column_text]<\/p>\n<h6>Afzagen of afhakken<\/h6>\n<p>[\/vc_column_text][vc_column_text]Voor een naadloze overgang tussen de tap en de oppervlak van de planken moet de tap worden afgezaagd met een flexibele Japanse zaag of worden afgehakt met een perfect geslepen houtbeitel. U moet de tap afzagen of afhakken in de richting van de nerf van het hout van de tap.[\/vc_column_text][\/vc_column_inner][vc_column_inner offset=&#8221;vc_col-md-3&#8243;]<div class=\" agni-image custom-image-container agni-image-default text-left\">\r\n\t\t\t<figure class=\"agni-image-figure\">\r\n\t\t\t\t<img  width=\"800\" height=\"533\" src=\"https:\/\/novlek.com\/wp-content\/uploads\/2019\/07\/bouchons-pose.jpg\" class=\"fullwidth-image attachment-full  attachment-full\" alt=\"\" decoding=\"async\" loading=\"lazy\" title=\"bouchons-pose\" srcset=\"https:\/\/novlek.com\/wp-content\/uploads\/2019\/07\/bouchons-pose.jpg 800w, https:\/\/novlek.com\/wp-content\/uploads\/2019\/07\/bouchons-pose-300x200.jpg 300w, https:\/\/novlek.com\/wp-content\/uploads\/2019\/07\/bouchons-pose-768x512.jpg 768w, https:\/\/novlek.com\/wp-content\/uploads\/2019\/07\/bouchons-pose-600x400.jpg 600w\" sizes=\"(max-width: 800px) 100vw, 800px\" \/>\r\n\t\t\t\t<figcaption class=\"vc_figure-caption\"><\/figcaption>\r\n\t\t\t<\/figure>\r\n\t\t<\/div>[vc_column_text]<\/p>\n<h6>Een perfect resultaat<\/h6>\n<p>[\/vc_column_text][vc_column_text]Een goede kwaliteit van het werk en de afwerking en het in acht nemen van de plaatsingsinstructies zorgen voor een perfect en duurzaam resultaat.[\/vc_column_text][\/vc_column_inner][\/vc_row_inner][\/vc_column][\/vc_row][vc_row bg_color=&#8221;#bababa&#8221; gap=&#8221;10&#8243; equal_height=&#8221;yes&#8221; disable_element=&#8221;yes&#8221;][vc_column padding_top=&#8221;30&#8243;][vc_row_inner gap=&#8221;10&#8243; disable_element=&#8221;yes&#8221; margin_top=&#8221;20&#8243;][vc_column_inner offset=&#8221;vc_col-md-offset-3 vc_col-md-2&#8243;][vc_column_text]Hout is een natuurlijk materiaal: naargelang de soort en de herkomst kunnen met name de kleur, de aders, de nerven en de structuur verschillen.[\/vc_column_text][\/vc_column_inner][vc_column_inner offset=&#8221;vc_col-md-4&#8243;]<div class=\" agni-image custom-image-container agni-image-default text-left\">\r\n\t\t\t<figure class=\"agni-image-figure\">\r\n\t\t\t\t<img  width=\"900\" height=\"599\" src=\"https:\/\/novlek.com\/wp-content\/uploads\/2019\/07\/bouchons_Ipe_22.png\" class=\"fullwidth-image attachment-full  attachment-full\" alt=\"\" decoding=\"async\" loading=\"lazy\" title=\"bouchons_Ipe_22\" srcset=\"https:\/\/novlek.com\/wp-content\/uploads\/2019\/07\/bouchons_Ipe_22.png 900w, https:\/\/novlek.com\/wp-content\/uploads\/2019\/07\/bouchons_Ipe_22-300x200.png 300w, https:\/\/novlek.com\/wp-content\/uploads\/2019\/07\/bouchons_Ipe_22-768x511.png 768w, https:\/\/novlek.com\/wp-content\/uploads\/2019\/07\/bouchons_Ipe_22-600x399.png 600w\" sizes=\"(max-width: 900px) 100vw, 900px\" \/>\r\n\t\t\t\t<figcaption class=\"vc_figure-caption\"><\/figcaption>\r\n\t\t\t<\/figure>\r\n\t\t<\/div>[\/vc_column_inner][\/vc_row_inner][\/vc_column][\/vc_row][vc_row gap=&#8221;10&#8243; equal_height=&#8221;yes&#8221;][vc_column margin_top=&#8221;30&#8243;][vc_custom_heading text=&#8221;ASSORTIMENT&#8221; font_container=&#8221;tag:h3|font_size:36px|text_align:center&#8221; use_theme_fonts=&#8221;&#8221; google_fonts=&#8221;font_family:Roboto%20Condensed%3A300%2C300italic%2Cregular%2Citalic%2C700%2C700italic|font_style:700%20bold%20regular%3A700%3Anormal&#8221;][vc_row_inner gap=&#8221;25&#8243;][vc_column_inner offset=&#8221;vc_col-md-offset-3 vc_col-md-6&#8243;]<div class=\" separator separator_center\" style=\"width:100%; \">\r\n\t\t\t\t\t<span class=\"sep_holder sep_holder_l\"><span style=\"border-top-style:solid; border-color:#000000\" class=\"sep_line\"><\/span><\/span>\r\n\t\t\t\t\t\r\n\t\t\t\t\t<span class=\"sep_holder sep_holder_r\"><span style=\"border-top-style:solid; border-color:#000000\" class=\"sep_line\"><\/span><\/span>\r\n\t\t\t\t<\/div>[\/vc_column_inner][\/vc_row_inner][vc_row_inner gap=&#8221;25&#8243;][vc_column_inner width=&#8221;1\/4&#8243; offset=&#8221;vc_col-md-offset-0 vc_col-md-3&#8243;]<div class=\" agni-image custom-image-container agni-image-default text-center\">\r\n\t\t\t<figure class=\"agni-image-figure\">\r\n\t\t\t\t<img  width=\"500\" height=\"500\" src=\"https:\/\/novlek.com\/wp-content\/uploads\/2019\/07\/PLG-10-1000.jpg\" class=\"fullwidth-image attachment-full  attachment-full\" alt=\"\" decoding=\"async\" loading=\"lazy\" title=\"PLG-10-1000\" srcset=\"https:\/\/novlek.com\/wp-content\/uploads\/2019\/07\/PLG-10-1000.jpg 500w, https:\/\/novlek.com\/wp-content\/uploads\/2019\/07\/PLG-10-1000-300x300.jpg 300w, https:\/\/novlek.com\/wp-content\/uploads\/2019\/07\/PLG-10-1000-150x150.jpg 150w, https:\/\/novlek.com\/wp-content\/uploads\/2019\/07\/PLG-10-1000-100x100.jpg 100w\" sizes=\"(max-width: 500px) 100vw, 500px\" \/>\r\n\t\t\t\t<figcaption class=\"vc_figure-caption\"><\/figcaption>\r\n\t\t\t<\/figure>\r\n\t\t<\/div>[vc_column_text spacing_heading=&#8221;&#8221; spacing_heading_tab=&#8221;&#8221; spacing_heading_mobile=&#8221;&#8221;]<\/p>\n<h3 style=\"text-align: center;\">1000 stuks<br \/>\n\u00d8 10 mm<\/h3>\n<hr \/>\n<p style=\"text-align: center;\">Ip\u00e9, Padouk, Accoya\u00ae, Kebony\u00ae, M\u00e9l\u00e8ze, Cumaru, Merbau, Afrormosia, Doussi\u00e9, Massaranduba, Garapa, Fr\u00eane thermo, Ch\u00eane, Ch\u00e2taignier, Itauba<\/p>\n<p>[\/vc_column_text][\/vc_column_inner][vc_column_inner width=&#8221;1\/4&#8243; offset=&#8221;vc_col-md-offset-0 vc_col-md-3&#8243;]<div class=\" agni-image custom-image-container agni-image-default text-center\">\r\n\t\t\t<figure class=\"agni-image-figure\">\r\n\t\t\t\t<img  width=\"500\" height=\"500\" src=\"https:\/\/novlek.com\/wp-content\/uploads\/2019\/07\/PLG-10-100.jpg\" class=\"fullwidth-image attachment-full  attachment-full\" alt=\"\" decoding=\"async\" loading=\"lazy\" title=\"PLG-10-100\" srcset=\"https:\/\/novlek.com\/wp-content\/uploads\/2019\/07\/PLG-10-100.jpg 500w, https:\/\/novlek.com\/wp-content\/uploads\/2019\/07\/PLG-10-100-300x300.jpg 300w, https:\/\/novlek.com\/wp-content\/uploads\/2019\/07\/PLG-10-100-150x150.jpg 150w, https:\/\/novlek.com\/wp-content\/uploads\/2019\/07\/PLG-10-100-100x100.jpg 100w\" sizes=\"(max-width: 500px) 100vw, 500px\" \/>\r\n\t\t\t\t<figcaption class=\"vc_figure-caption\"><\/figcaption>\r\n\t\t\t<\/figure>\r\n\t\t<\/div>[vc_column_text spacing_heading=&#8221;&#8221; spacing_heading_tab=&#8221;&#8221; spacing_heading_mobile=&#8221;&#8221;]<\/p>\n<h3 style=\"text-align: center;\">100 stuks<br \/>\n\u00d8 10 mm<\/h3>\n<hr \/>\n<p style=\"text-align: center;\">Ip\u00e9, Padouk, Accoya\u00ae, Kebony\u00ae, M\u00e9l\u00e8ze, Cumaru, Merbau, Afrormosia, Doussi\u00e9, Massaranduba, Garapa, Fr\u00eane thermo, Ch\u00eane, Ch\u00e2taignier, Itauba<\/p>\n<p>[\/vc_column_text][\/vc_column_inner][vc_column_inner width=&#8221;1\/4&#8243;]<div class=\" agni-image custom-image-container agni-image-default text-center\">\r\n\t\t\t<figure class=\"agni-image-figure\">\r\n\t\t\t\t<img  width=\"500\" height=\"500\" src=\"https:\/\/novlek.com\/wp-content\/uploads\/2019\/07\/PLG-12-700.jpg\" class=\"fullwidth-image attachment-full  attachment-full\" alt=\"\" decoding=\"async\" loading=\"lazy\" title=\"PLG-12-700\" srcset=\"https:\/\/novlek.com\/wp-content\/uploads\/2019\/07\/PLG-12-700.jpg 500w, https:\/\/novlek.com\/wp-content\/uploads\/2019\/07\/PLG-12-700-300x300.jpg 300w, https:\/\/novlek.com\/wp-content\/uploads\/2019\/07\/PLG-12-700-150x150.jpg 150w, https:\/\/novlek.com\/wp-content\/uploads\/2019\/07\/PLG-12-700-100x100.jpg 100w\" sizes=\"(max-width: 500px) 100vw, 500px\" \/>\r\n\t\t\t\t<figcaption class=\"vc_figure-caption\"><\/figcaption>\r\n\t\t\t<\/figure>\r\n\t\t<\/div>[vc_column_text]<\/p>\n<h3 style=\"text-align: center;\">700 stuks<br \/>\n\u00d8 12 mm<\/h3>\n<hr \/>\n<p style=\"text-align: center;\">Ip\u00e9, Padouk, Ch\u00eane<\/p>\n<p>[\/vc_column_text][\/vc_column_inner][vc_column_inner width=&#8221;1\/4&#8243;]<div class=\" agni-image custom-image-container agni-image-default text-center\">\r\n\t\t\t<figure class=\"agni-image-figure\">\r\n\t\t\t\t<img  width=\"500\" height=\"500\" src=\"https:\/\/novlek.com\/wp-content\/uploads\/2019\/07\/PLG-12-075.jpg\" class=\"fullwidth-image attachment-full  attachment-full\" alt=\"\" decoding=\"async\" loading=\"lazy\" title=\"PLG-12-075\" srcset=\"https:\/\/novlek.com\/wp-content\/uploads\/2019\/07\/PLG-12-075.jpg 500w, https:\/\/novlek.com\/wp-content\/uploads\/2019\/07\/PLG-12-075-300x300.jpg 300w, https:\/\/novlek.com\/wp-content\/uploads\/2019\/07\/PLG-12-075-150x150.jpg 150w, https:\/\/novlek.com\/wp-content\/uploads\/2019\/07\/PLG-12-075-100x100.jpg 100w\" sizes=\"(max-width: 500px) 100vw, 500px\" \/>\r\n\t\t\t\t<figcaption class=\"vc_figure-caption\"><\/figcaption>\r\n\t\t\t<\/figure>\r\n\t\t<\/div>[vc_column_text]<\/p>\n<h3 style=\"text-align: center;\">75 stuks<br \/>\n\u00d8 12 mm<\/h3>\n<hr \/>\n<p style=\"text-align: center;\">Ip\u00e9, Padouk, Ch\u00eane<\/p>\n<p>[\/vc_column_text][\/vc_column_inner][\/vc_row_inner][vc_empty_space height=&#8221;15&#8243;]<div class=\" agni-button-responsive agni-button  text-center page-scroll\"><a class=\"agni_custom_design_css btn btn-default\" target=\"_blank\" href=\"\/wp-content\/uploads\/2020\/09\/Novlek_bouchons_FT_2020.pdf\"  >T\u00e9l\u00e9chargez la fiche technique<i class=\"icon-basic-download\"><\/i><\/a><\/div>[vc_empty_space][\/vc_column][\/vc_row]<\/p>\n<\/section>","protected":false},"excerpt":{"rendered":"<p>De houten tappen van N\u00d6VLEK\u00ae zorgen voor een prachtige en perfecte afwerking van terrassen, gevelbekledingen en timmerwerk, zonder opvallende schroeven.<\/p>\n","protected":false},"featured_media":13591,"template":"","meta":[],"product_cat":[170],"product_tag":[],"yoast_head":"<!-- This site is optimized with the Yoast SEO plugin v19.9 - https:\/\/yoast.com\/wordpress\/plugins\/seo\/ -->\n<title>Houten Tappen | N\u00d6VLEK<\/title>\n<meta name=\"description\" content=\"Kies voor de N\u00d6VLEK\u00ae houten tappen voor een stijlvolle afwerking van uw terras. Beschikbaar in diverse houtsoorten voor een naadloze en luxe uitstraling.\" \/>\n<meta name=\"robots\" content=\"index, follow, max-snippet:-1, max-image-preview:large, max-video-preview:-1\" \/>\n<link rel=\"canonical\" href=\"https:\/\/novlek.com\/nl\/producten\/houten-tappen\/\" \/>\n<meta property=\"og:locale\" content=\"nl_NL\" \/>\n<meta property=\"og:type\" content=\"article\" \/>\n<meta property=\"og:title\" content=\"Houten Tappen | N\u00d6VLEK\" \/>\n<meta property=\"og:description\" content=\"Kies voor de N\u00d6VLEK\u00ae houten tappen voor een stijlvolle afwerking van uw terras. Beschikbaar in diverse houtsoorten voor een naadloze en luxe uitstraling.\" \/>\n<meta property=\"og:url\" content=\"https:\/\/novlek.com\/nl\/producten\/houten-tappen\/\" \/>\n<meta property=\"og:site_name\" content=\"N\u00d6VLEK\" \/>\n<meta property=\"article:modified_time\" content=\"2023-11-06T07:14:20+00:00\" \/>\n<meta property=\"og:image\" content=\"https:\/\/novlek.com\/wp-content\/uploads\/2019\/07\/bouchon-cache-vis-b.jpg\" \/>\n\t<meta property=\"og:image:width\" content=\"900\" \/>\n\t<meta property=\"og:image:height\" content=\"900\" \/>\n\t<meta property=\"og:image:type\" content=\"image\/jpeg\" \/>\n<meta name=\"twitter:card\" content=\"summary_large_image\" \/>\n<meta name=\"twitter:label1\" content=\"Geschatte leestijd\" \/>\n\t<meta name=\"twitter:data1\" content=\"2 minuten\" \/>\n<script type=\"application\/ld+json\" class=\"yoast-schema-graph\">{\"@context\":\"https:\/\/schema.org\",\"@graph\":[{\"@type\":\"WebPage\",\"@id\":\"https:\/\/novlek.com\/nl\/producten\/houten-tappen\/\",\"url\":\"https:\/\/novlek.com\/nl\/producten\/houten-tappen\/\",\"name\":\"Houten Tappen | N\u00d6VLEK\",\"isPartOf\":{\"@id\":\"https:\/\/novlek.com\/nl\/#website\"},\"datePublished\":\"2019-07-09T10:20:12+00:00\",\"dateModified\":\"2023-11-06T07:14:20+00:00\",\"description\":\"Kies voor de N\u00d6VLEK\u00ae houten tappen voor een stijlvolle afwerking van uw terras. Beschikbaar in diverse houtsoorten voor een naadloze en luxe uitstraling.\",\"breadcrumb\":{\"@id\":\"https:\/\/novlek.com\/nl\/producten\/houten-tappen\/#breadcrumb\"},\"inLanguage\":\"nl\",\"potentialAction\":[{\"@type\":\"ReadAction\",\"target\":[\"https:\/\/novlek.com\/nl\/producten\/houten-tappen\/\"]}]},{\"@type\":\"BreadcrumbList\",\"@id\":\"https:\/\/novlek.com\/nl\/producten\/houten-tappen\/#breadcrumb\",\"itemListElement\":[{\"@type\":\"ListItem\",\"position\":1,\"name\":\"Accueil\",\"item\":\"https:\/\/novlek.com\/nl\/\"},{\"@type\":\"ListItem\",\"position\":2,\"name\":\"Winkel\",\"item\":\"https:\/\/novlek.com\/nl\/winkel\/\"},{\"@type\":\"ListItem\",\"position\":3,\"name\":\"Houten tappen\"}]},{\"@type\":\"WebSite\",\"@id\":\"https:\/\/novlek.com\/nl\/#website\",\"url\":\"https:\/\/novlek.com\/nl\/\",\"name\":\"N\u00d6VLEK\",\"description\":\"Solutions for timber decking and cladding\",\"publisher\":{\"@id\":\"https:\/\/novlek.com\/nl\/#organization\"},\"potentialAction\":[{\"@type\":\"SearchAction\",\"target\":{\"@type\":\"EntryPoint\",\"urlTemplate\":\"https:\/\/novlek.com\/nl\/?s={search_term_string}\"},\"query-input\":\"required name=search_term_string\"}],\"inLanguage\":\"nl\"},{\"@type\":\"Organization\",\"@id\":\"https:\/\/novlek.com\/nl\/#organization\",\"name\":\"Novlek\",\"url\":\"https:\/\/novlek.com\/nl\/\",\"logo\":{\"@type\":\"ImageObject\",\"inLanguage\":\"nl\",\"@id\":\"https:\/\/novlek.com\/nl\/#\/schema\/logo\/image\/\",\"url\":\"https:\/\/novlek.com\/wp-content\/uploads\/2020\/04\/novlek_logo.png\",\"contentUrl\":\"https:\/\/novlek.com\/wp-content\/uploads\/2020\/04\/novlek_logo.png\",\"width\":342,\"height\":120,\"caption\":\"Novlek\"},\"image\":{\"@id\":\"https:\/\/novlek.com\/nl\/#\/schema\/logo\/image\/\"}}]}<\/script>\n<!-- \/ Yoast SEO plugin. -->","yoast_head_json":{"title":"Houten Tappen | N\u00d6VLEK","description":"Kies voor de N\u00d6VLEK\u00ae houten tappen voor een stijlvolle afwerking van uw terras. Beschikbaar in diverse houtsoorten voor een naadloze en luxe uitstraling.","robots":{"index":"index","follow":"follow","max-snippet":"max-snippet:-1","max-image-preview":"max-image-preview:large","max-video-preview":"max-video-preview:-1"},"canonical":"https:\/\/novlek.com\/nl\/producten\/houten-tappen\/","og_locale":"nl_NL","og_type":"article","og_title":"Houten Tappen | N\u00d6VLEK","og_description":"Kies voor de N\u00d6VLEK\u00ae houten tappen voor een stijlvolle afwerking van uw terras. Beschikbaar in diverse houtsoorten voor een naadloze en luxe uitstraling.","og_url":"https:\/\/novlek.com\/nl\/producten\/houten-tappen\/","og_site_name":"N\u00d6VLEK","article_modified_time":"2023-11-06T07:14:20+00:00","og_image":[{"width":900,"height":900,"url":"https:\/\/novlek.com\/wp-content\/uploads\/2019\/07\/bouchon-cache-vis-b.jpg","type":"image\/jpeg"}],"twitter_card":"summary_large_image","twitter_misc":{"Geschatte leestijd":"2 minuten"},"schema":{"@context":"https:\/\/schema.org","@graph":[{"@type":"WebPage","@id":"https:\/\/novlek.com\/nl\/producten\/houten-tappen\/","url":"https:\/\/novlek.com\/nl\/producten\/houten-tappen\/","name":"Houten Tappen | N\u00d6VLEK","isPartOf":{"@id":"https:\/\/novlek.com\/nl\/#website"},"datePublished":"2019-07-09T10:20:12+00:00","dateModified":"2023-11-06T07:14:20+00:00","description":"Kies voor de N\u00d6VLEK\u00ae houten tappen voor een stijlvolle afwerking van uw terras. Beschikbaar in diverse houtsoorten voor een naadloze en luxe uitstraling.","breadcrumb":{"@id":"https:\/\/novlek.com\/nl\/producten\/houten-tappen\/#breadcrumb"},"inLanguage":"nl","potentialAction":[{"@type":"ReadAction","target":["https:\/\/novlek.com\/nl\/producten\/houten-tappen\/"]}]},{"@type":"BreadcrumbList","@id":"https:\/\/novlek.com\/nl\/producten\/houten-tappen\/#breadcrumb","itemListElement":[{"@type":"ListItem","position":1,"name":"Accueil","item":"https:\/\/novlek.com\/nl\/"},{"@type":"ListItem","position":2,"name":"Winkel","item":"https:\/\/novlek.com\/nl\/winkel\/"},{"@type":"ListItem","position":3,"name":"Houten tappen"}]},{"@type":"WebSite","@id":"https:\/\/novlek.com\/nl\/#website","url":"https:\/\/novlek.com\/nl\/","name":"N\u00d6VLEK","description":"Solutions for timber decking and cladding","publisher":{"@id":"https:\/\/novlek.com\/nl\/#organization"},"potentialAction":[{"@type":"SearchAction","target":{"@type":"EntryPoint","urlTemplate":"https:\/\/novlek.com\/nl\/?s={search_term_string}"},"query-input":"required name=search_term_string"}],"inLanguage":"nl"},{"@type":"Organization","@id":"https:\/\/novlek.com\/nl\/#organization","name":"Novlek","url":"https:\/\/novlek.com\/nl\/","logo":{"@type":"ImageObject","inLanguage":"nl","@id":"https:\/\/novlek.com\/nl\/#\/schema\/logo\/image\/","url":"https:\/\/novlek.com\/wp-content\/uploads\/2020\/04\/novlek_logo.png","contentUrl":"https:\/\/novlek.com\/wp-content\/uploads\/2020\/04\/novlek_logo.png","width":342,"height":120,"caption":"Novlek"},"image":{"@id":"https:\/\/novlek.com\/nl\/#\/schema\/logo\/image\/"}}]}},"_links":{"self":[{"href":"https:\/\/novlek.com\/nl\/wp-json\/wp\/v2\/product\/13868"}],"collection":[{"href":"https:\/\/novlek.com\/nl\/wp-json\/wp\/v2\/product"}],"about":[{"href":"https:\/\/novlek.com\/nl\/wp-json\/wp\/v2\/types\/product"}],"wp:featuredmedia":[{"embeddable":true,"href":"https:\/\/novlek.com\/nl\/wp-json\/wp\/v2\/media\/13591"}],"wp:attachment":[{"href":"https:\/\/novlek.com\/nl\/wp-json\/wp\/v2\/media?parent=13868"}],"wp:term":[{"taxonomy":"product_cat","embeddable":true,"href":"https:\/\/novlek.com\/nl\/wp-json\/wp\/v2\/product_cat?post=13868"},{"taxonomy":"product_tag","embeddable":true,"href":"https:\/\/novlek.com\/nl\/wp-json\/wp\/v2\/product_tag?post=13868"}],"curies":[{"name":"wp","href":"https:\/\/api.w.org\/{rel}","templated":true}]}}