{"id":13858,"date":"2019-11-06T15:58:12","date_gmt":"2019-11-06T14:58:12","guid":{"rendered":"http:\/\/novlek.com\/outils-accessoires\/"},"modified":"2023-11-06T07:27:17","modified_gmt":"2023-11-06T06:27:17","slug":"gereeedschap-accessoires","status":"publish","type":"page","link":"https:\/\/novlek.com\/nl\/gereeedschap-accessoires\/","title":{"rendered":"Gereeedschap &#038; Accessoires"},"content":{"rendered":"<section class=\"wpb-content-wrapper\"><p>[vc_row equal_height=&#8221;yes&#8221; content_placement=&#8221;middle&#8221; padding_top=&#8221;70&#8243; padding_bottom=&#8221;70&#8243; el_id=&#8221;swap-image-1&#8243; el_class=&#8221;swap-image-1&#8243;][vc_column align=&#8221;center&#8221; width=&#8221;1\/2&#8243; margin_right=&#8221;30&#8243; margin_right_tab=&#8221;30&#8243; margin_right_mobile=&#8221;0px&#8221; offset=&#8221;vc_col-md-6&#8243;]<div class=\" agni-image custom-image-container agni-image-default text-left\">\r\n\t\t\t<figure class=\"agni-image-figure\">\r\n\t\t\t\t<img  width=\"580\" height=\"695\" src=\"https:\/\/novlek.com\/wp-content\/uploads\/2021\/02\/fevr2019-519.jpg\" class=\"fullwidth-image attachment-full  attachment-full\" alt=\"\" decoding=\"async\" loading=\"lazy\" title=\"fevr2019-519\" srcset=\"https:\/\/novlek.com\/wp-content\/uploads\/2021\/02\/fevr2019-519.jpg 580w, https:\/\/novlek.com\/wp-content\/uploads\/2021\/02\/fevr2019-519-250x300.jpg 250w\" sizes=\"(max-width: 580px) 100vw, 580px\" \/>\r\n\t\t\t\t<figcaption class=\"vc_figure-caption\"><\/figcaption>\r\n\t\t\t<\/figure>\r\n\t\t<\/div>[\/vc_column][vc_column width=&#8221;1\/2&#8243; margin_left=&#8221;30&#8243; padding_top=&#8221;30&#8243; padding_bottom=&#8221;30&#8243; margin_left_tab=&#8221;30px&#8221; margin_left_mobile=&#8221;0px&#8221; offset=&#8221;vc_col-md-offset-1 vc_col-md-4&#8243;][vc_custom_heading text=&#8221;Afstandhouders&#8221; font_container=&#8221;tag:h5|text_align:left&#8221;][vc_column_text]N\u00d6VLEK\u00ae-afstandhouders zorgen tijdens het plaatsen voor een juiste en gelijkmatige afstand tussen de terrasplanken en daarmee voor een goede ventilatie, de effectieve afvoer van water en zeer gezond hout.[\/vc_column_text]<div class=\" agni-button  text-left page-scroll\"><a class=\"agni_custom_design_css btn btn-default\" target=\"_self\" href=\"\/nl\/producten\/afstandhouders\/\"  >Meer info<\/a><\/div>[\/vc_column][\/vc_row][vc_row equal_height=&#8221;yes&#8221; content_placement=&#8221;middle&#8221; padding_top=&#8221;70&#8243; padding_bottom=&#8221;70&#8243; el_class=&#8221;swap-image-2&#8243;][vc_column align=&#8221;center&#8221; width=&#8221;1\/2&#8243; padding_top=&#8221;30px&#8221; padding_bottom=&#8221;30px&#8221; offset=&#8221;vc_col-md-offset-1 vc_col-md-4&#8243;][vc_custom_heading text=&#8221;Trapboren voor tappen&#8221; font_container=&#8221;tag:h5|text_align:right&#8221;][vc_column_text]<\/p>\n<p style=\"text-align: right;\">De trapboor van N\u00d6VLEK\u00ae is uniek. De boor is speciaal ontworpen om het schroefgat voor te boren en om een cilindrisch gat met platte bodem te frezen waarin de tap kan worden geplaatst.<\/p>\n<p>[\/vc_column_text]<div class=\" agni-button  text-right page-scroll\"><a class=\"agni_custom_design_css btn btn-default\" target=\"_self\" href=\"\/nl\/producten\/trapboren-voor-tappen\/\"  >Meer info<\/a><\/div>[\/vc_column][vc_column align=&#8221;center&#8221; width=&#8221;1\/2&#8243; margin_left=&#8221;30&#8243; margin_left_tab=&#8221;30&#8243; margin_left_mobile=&#8221;0px&#8221; offset=&#8221;vc_col-md-offset-1 vc_col-md-6&#8243;]<div class=\" agni-image custom-image-container agni-image-default text-left\">\r\n\t\t\t<figure class=\"agni-image-figure\">\r\n\t\t\t\t<img  width=\"580\" height=\"695\" src=\"https:\/\/novlek.com\/wp-content\/uploads\/2020\/02\/fevr2019-153.jpg\" class=\"fullwidth-image attachment-full  attachment-full\" alt=\"\" decoding=\"async\" loading=\"lazy\" title=\"fevr2019-153\" srcset=\"https:\/\/novlek.com\/wp-content\/uploads\/2020\/02\/fevr2019-153.jpg 580w, https:\/\/novlek.com\/wp-content\/uploads\/2020\/02\/fevr2019-153-250x300.jpg 250w\" sizes=\"(max-width: 580px) 100vw, 580px\" \/>\r\n\t\t\t\t<figcaption class=\"vc_figure-caption\"><\/figcaption>\r\n\t\t\t<\/figure>\r\n\t\t<\/div>[\/vc_column][\/vc_row][vc_row equal_height=&#8221;yes&#8221; content_placement=&#8221;middle&#8221; padding_top=&#8221;70&#8243; padding_bottom=&#8221;20&#8243; el_class=&#8221;swap-image-1&#8243;][vc_column align=&#8221;center&#8221; width=&#8221;1\/2&#8243; margin_right=&#8221;30&#8243; margin_right_tab=&#8221;30&#8243; margin_right_mobile=&#8221;0px&#8221; offset=&#8221;vc_col-md-6&#8243;]<div class=\" agni-image custom-image-container agni-image-default text-left\">\r\n\t\t\t<figure class=\"agni-image-figure\">\r\n\t\t\t\t<img  width=\"580\" height=\"695\" src=\"https:\/\/novlek.com\/wp-content\/uploads\/2020\/02\/fevr2019-586.jpg\" class=\"fullwidth-image attachment-full  attachment-full\" alt=\"\" decoding=\"async\" loading=\"lazy\" title=\"fevr2019-586\" srcset=\"https:\/\/novlek.com\/wp-content\/uploads\/2020\/02\/fevr2019-586.jpg 580w, https:\/\/novlek.com\/wp-content\/uploads\/2020\/02\/fevr2019-586-250x300.jpg 250w\" sizes=\"(max-width: 580px) 100vw, 580px\" \/>\r\n\t\t\t\t<figcaption class=\"vc_figure-caption\"><\/figcaption>\r\n\t\t\t<\/figure>\r\n\t\t<\/div>[\/vc_column][vc_column width=&#8221;1\/2&#8243; margin_left=&#8221;30&#8243; padding_top=&#8221;30&#8243; padding_bottom=&#8221;30&#8243; margin_left_tab=&#8221;30px&#8221; margin_left_mobile=&#8221;0px&#8221; offset=&#8221;vc_col-md-offset-1 vc_col-md-4&#8243;][vc_custom_heading text=&#8221;Verzinkboren voor terrassen&#8221; font_container=&#8221;tag:h5|text_align:left&#8221;][vc_column_text]De verzinkboor van N\u00d6VLEK\u00ae voor terrassen is bedoeld om de plank en de draagbalk voor te boren en tegelijkertijd het gat voor de schroefkop te frezen.[\/vc_column_text]<div class=\" agni-button  text-left page-scroll\"><a class=\"agni_custom_design_css btn btn-default\" target=\"_self\" href=\"\/nl\/producten\/verzinkboren-voor-terrassen\/\"  >Meer info<\/a><\/div>[\/vc_column][\/vc_row][vc_row equal_height=&#8221;yes&#8221; content_placement=&#8221;middle&#8221; padding_top=&#8221;70&#8243; padding_bottom=&#8221;70&#8243; el_id=&#8221;swap-image-2&#8243; el_class=&#8221;swap-image-2&#8243;][vc_column align=&#8221;center&#8221; width=&#8221;1\/2&#8243; padding_top=&#8221;30px&#8221; padding_bottom=&#8221;30px&#8221; offset=&#8221;vc_col-md-offset-1 vc_col-md-4&#8243;][vc_custom_heading text=&#8221;Plankenspanner&#8221; font_container=&#8221;tag:h5|text_align:right&#8221;][vc_column_text]<\/p>\n<p style=\"text-align: right;\">Bij het plaatsen van planken voor terras of gevelbekleding kunt u de planken snel en moeiteloos aanspannen, rechttrekken en vastzetten met plankenspanners van N\u00d6VLEK\u00ae.<\/p>\n<p>[\/vc_column_text]<div class=\" agni-button  text-right page-scroll\"><a class=\"agni_custom_design_css btn btn-default\" target=\"_self\" href=\"\/nl\/producten\/plankenspanner\/\"  >Meer info<\/a><\/div>[\/vc_column][vc_column align=&#8221;center&#8221; width=&#8221;1\/2&#8243; margin_left=&#8221;30&#8243; margin_left_tab=&#8221;30&#8243; margin_left_mobile=&#8221;0px&#8221; offset=&#8221;vc_col-md-offset-1 vc_col-md-6&#8243;]<div class=\" agni-image custom-image-container agni-image-default text-left\">\r\n\t\t\t<figure class=\"agni-image-figure\">\r\n\t\t\t\t<img  width=\"580\" height=\"695\" src=\"https:\/\/novlek.com\/wp-content\/uploads\/2020\/02\/Serrelames_marc-065_2.jpg\" class=\"fullwidth-image attachment-full  attachment-full\" alt=\"\" decoding=\"async\" loading=\"lazy\" title=\"Serrelames_marc-065_2\" srcset=\"https:\/\/novlek.com\/wp-content\/uploads\/2020\/02\/Serrelames_marc-065_2.jpg 580w, https:\/\/novlek.com\/wp-content\/uploads\/2020\/02\/Serrelames_marc-065_2-250x300.jpg 250w\" sizes=\"(max-width: 580px) 100vw, 580px\" \/>\r\n\t\t\t\t<figcaption class=\"vc_figure-caption\"><\/figcaption>\r\n\t\t\t<\/figure>\r\n\t\t<\/div>[\/vc_column][\/vc_row][vc_row equal_height=&#8221;yes&#8221; content_placement=&#8221;middle&#8221; padding_top=&#8221;70&#8243; padding_bottom=&#8221;70&#8243; el_class=&#8221;swap-image-1&#8243;][vc_column align=&#8221;center&#8221; width=&#8221;1\/2&#8243; margin_right=&#8221;30&#8243; margin_right_tab=&#8221;30&#8243; margin_right_mobile=&#8221;0px&#8221; offset=&#8221;vc_col-md-6&#8243;]<div class=\" agni-image custom-image-container agni-image-default text-left\">\r\n\t\t\t<figure class=\"agni-image-figure\">\r\n\t\t\t\t<img  width=\"580\" height=\"695\" src=\"https:\/\/novlek.com\/wp-content\/uploads\/2020\/02\/studioOct-13-298.jpg\" class=\"fullwidth-image attachment-full  attachment-full\" alt=\"\" decoding=\"async\" loading=\"lazy\" title=\"studioOct 13-298\" srcset=\"https:\/\/novlek.com\/wp-content\/uploads\/2020\/02\/studioOct-13-298.jpg 580w, https:\/\/novlek.com\/wp-content\/uploads\/2020\/02\/studioOct-13-298-250x300.jpg 250w\" sizes=\"(max-width: 580px) 100vw, 580px\" \/>\r\n\t\t\t\t<figcaption class=\"vc_figure-caption\"><\/figcaption>\r\n\t\t\t<\/figure>\r\n\t\t<\/div>[\/vc_column][vc_column width=&#8221;1\/2&#8243; margin_left=&#8221;30&#8243; padding_top=&#8221;30&#8243; padding_bottom=&#8221;30&#8243; margin_left_tab=&#8221;30px&#8221; margin_left_mobile=&#8221;0px&#8221; offset=&#8221;vc_col-md-offset-1 vc_col-md-4&#8243;][vc_custom_heading text=&#8221;Houten tappen&#8221; font_container=&#8221;tag:h5|text_align:left&#8221;][vc_column_text]De houten tappen van N\u00d6VLEK\u00ae zorgen voor een prachtige en perfecte afwerking van terrassen, gevelbekledingen en timmerwerk, zonder opvallende schroeven.[\/vc_column_text]<div class=\" agni-button  text-left page-scroll\"><a class=\"agni_custom_design_css btn btn-default\" target=\"_self\" href=\"\/nl\/producten\/houten-tappen\/\"  >Meer info<\/a><\/div>[\/vc_column][\/vc_row][vc_row fullwidth=&#8221;has-fullwidth-column-no-padding&#8221; disable_element=&#8221;yes&#8221; padding_bottom=&#8221;70&#8243; margin_right_tab=&#8221;-10&#8243; margin_left_tab=&#8221;-10&#8243; el_class=&#8221;gallery-section&#8221; el_id=&#8221;gallery-section&#8221;][vc_column offset=&#8221;vc_col-md-12 vc_col-xs-12&#8243;]<div class=\"agni-gallery img-carousel custom-gallery  agni-carousel-container\"><div class=\"agni-gallery-row row agni-gallery-3-column  agni-carousel \" data-grid-layout=\"fitRows\"data-carousel-slide-to-show=\"3\" data-carousel-slide-to-show-1200=\"3\" data-carousel-slide-to-show-992=\"2\" data-carousel-slide-to-show-768=\"1\" data-carousel-autoplay=\"true\" data-carousel-autoplay-speed=\"3000\" data-carousel-speed=\"300\" data-carousel-pause-on-focus=\"true\" data-carousel-infinite=\"true\" data-carousel-dots=\"false\" data-carousel-arrows=\"false\" data-carousel-arrow-prev=\"&lt;button type=&quot;button&quot; class=&quot;slick-prev&quot;&gt;Previous&lt;\/button&gt;\" data-carousel-arrow-next=\"&lt;button type=&quot;button&quot; class=&quot;slick-next&quot;&gt;Next&lt;\/button&gt;\" data-carousel-draggable=\"true\" data-carousel-center-mode=\"false\" data-carousel-swipe=\"true\" data-carousel-swipe-to-scroll=\"true\"data-rtl=\"false\" style=\"margin: 0 -25px -50px; \"><div class=\"custom-gallery-item agni-gallery-column\" style=\"padding: 0 25px 50px; \" ><figure class=\"agni-gallery-figure\"><a href=\"https:\/\/novlek.com\/wp-content\/uploads\/2017\/10\/carousel-image-1.jpg\" data-size=\"640x640\"><img width=\"640\" height=\"640\" src=\"https:\/\/novlek.com\/wp-content\/uploads\/2017\/10\/carousel-image-1.jpg\" class=\"attachment-full size-full\" alt=\"\" decoding=\"async\" loading=\"lazy\" srcset=\"https:\/\/novlek.com\/wp-content\/uploads\/2017\/10\/carousel-image-1.jpg 640w, https:\/\/novlek.com\/wp-content\/uploads\/2017\/10\/carousel-image-1-300x300.jpg 300w, https:\/\/novlek.com\/wp-content\/uploads\/2017\/10\/carousel-image-1-100x100.jpg 100w, https:\/\/novlek.com\/wp-content\/uploads\/2017\/10\/carousel-image-1-600x600.jpg 600w, https:\/\/novlek.com\/wp-content\/uploads\/2017\/10\/carousel-image-1-150x150.jpg 150w\" sizes=\"(max-width: 640px) 100vw, 640px\" \/><\/a><figcaption>Black & White<\/figcaption><\/figure><\/div><div class=\"custom-gallery-item agni-gallery-column\" style=\"padding: 0 25px 50px; \" ><figure class=\"agni-gallery-figure\"><a href=\"https:\/\/novlek.com\/wp-content\/uploads\/2017\/10\/carousel-image-2.jpg\" data-size=\"640x640\"><img width=\"640\" height=\"640\" src=\"https:\/\/novlek.com\/wp-content\/uploads\/2017\/10\/carousel-image-2.jpg\" class=\"attachment-full size-full\" alt=\"\" decoding=\"async\" loading=\"lazy\" srcset=\"https:\/\/novlek.com\/wp-content\/uploads\/2017\/10\/carousel-image-2.jpg 640w, https:\/\/novlek.com\/wp-content\/uploads\/2017\/10\/carousel-image-2-300x300.jpg 300w, https:\/\/novlek.com\/wp-content\/uploads\/2017\/10\/carousel-image-2-100x100.jpg 100w, https:\/\/novlek.com\/wp-content\/uploads\/2017\/10\/carousel-image-2-600x600.jpg 600w, https:\/\/novlek.com\/wp-content\/uploads\/2017\/10\/carousel-image-2-150x150.jpg 150w\" sizes=\"(max-width: 640px) 100vw, 640px\" \/><\/a><figcaption>Light Grey & White<\/figcaption><\/figure><\/div><div class=\"custom-gallery-item agni-gallery-column\" style=\"padding: 0 25px 50px; \" ><figure class=\"agni-gallery-figure\"><a href=\"https:\/\/novlek.com\/wp-content\/uploads\/2017\/10\/carousel-image-3.jpg\" data-size=\"640x640\"><img width=\"640\" height=\"640\" src=\"https:\/\/novlek.com\/wp-content\/uploads\/2017\/10\/carousel-image-3.jpg\" class=\"attachment-full size-full\" alt=\"\" decoding=\"async\" loading=\"lazy\" srcset=\"https:\/\/novlek.com\/wp-content\/uploads\/2017\/10\/carousel-image-3.jpg 640w, https:\/\/novlek.com\/wp-content\/uploads\/2017\/10\/carousel-image-3-300x300.jpg 300w, https:\/\/novlek.com\/wp-content\/uploads\/2017\/10\/carousel-image-3-100x100.jpg 100w, https:\/\/novlek.com\/wp-content\/uploads\/2017\/10\/carousel-image-3-600x600.jpg 600w, https:\/\/novlek.com\/wp-content\/uploads\/2017\/10\/carousel-image-3-150x150.jpg 150w\" sizes=\"(max-width: 640px) 100vw, 640px\" \/><\/a><figcaption>Pure White & Plain<\/figcaption><\/figure><\/div><div class=\"custom-gallery-item agni-gallery-column\" style=\"padding: 0 25px 50px; \" ><figure class=\"agni-gallery-figure\"><a href=\"https:\/\/novlek.com\/wp-content\/uploads\/2017\/10\/carousel-image-4.jpg\" data-size=\"640x640\"><img width=\"640\" height=\"640\" src=\"https:\/\/novlek.com\/wp-content\/uploads\/2017\/10\/carousel-image-4.jpg\" class=\"attachment-full size-full\" alt=\"\" decoding=\"async\" loading=\"lazy\" srcset=\"https:\/\/novlek.com\/wp-content\/uploads\/2017\/10\/carousel-image-4.jpg 640w, https:\/\/novlek.com\/wp-content\/uploads\/2017\/10\/carousel-image-4-300x300.jpg 300w, https:\/\/novlek.com\/wp-content\/uploads\/2017\/10\/carousel-image-4-100x100.jpg 100w, https:\/\/novlek.com\/wp-content\/uploads\/2017\/10\/carousel-image-4-600x600.jpg 600w, https:\/\/novlek.com\/wp-content\/uploads\/2017\/10\/carousel-image-4-150x150.jpg 150w\" sizes=\"(max-width: 640px) 100vw, 640px\" \/><\/a><figcaption>Black & White<\/figcaption><\/figure><\/div><\/div><\/div>[vc_empty_space height=&#8221;60&#8243;][vc_custom_heading text=&#8221;New York Canvas &#8211; $485&#8243; font_container=&#8221;tag:h3|text_align:center&#8221; margin_bottom=&#8221;25&#8243;]<div class=\" agni-button  text-center page-scroll\"><a class=\"agni_custom_design_css btn btn-default\" target=\"_self\" href=\"#\"  >Shop this item<i class=\"icon-arrows-slim-right\"><\/i><\/a><\/div>[\/vc_column][\/vc_row]<\/p>\n<\/section>","protected":false},"excerpt":{"rendered":"<p>[vc_row equal_height=&#8221;yes&#8221; content_placement=&#8221;middle&#8221; padding_top=&#8221;70&#8243; padding_bottom=&#8221;70&#8243; el_id=&#8221;swap-image-1&#8243; el_class=&#8221;swap-image-1&#8243;][vc_column align=&#8221;center&#8221; width=&#8221;1\/2&#8243; margin_right=&#8221;30&#8243; margin_right_tab=&#8221;30&#8243; margin_right_mobile=&#8221;0px&#8221; offset=&#8221;vc_col-md-6&#8243;][\/vc_column][vc_column width=&#8221;1\/2&#8243; margin_left=&#8221;30&#8243; padding_top=&#8221;30&#8243; padding_bottom=&#8221;30&#8243; margin_left_tab=&#8221;30px&#8221; margin_left_mobile=&#8221;0px&#8221; offset=&#8221;vc_col-md-offset-1 vc_col-md-4&#8243;][vc_custom_heading text=&#8221;Afstandhouders&#8221; font_container=&#8221;tag:h5|text_align:left&#8221;][vc_column_text]N\u00d6VLEK\u00ae-afstandhouders zorgen tijdens het plaatsen voor een juiste en gelijkmatige afstand tussen de terrasplanken en daarmee voor een goede ventilatie, de effectieve afvoer van water en zeer gezond hout.[\/vc_column_text][\/vc_column][\/vc_row][vc_row equal_height=&#8221;yes&#8221; content_placement=&#8221;middle&#8221; padding_top=&#8221;70&#8243; padding_bottom=&#8221;70&#8243; [&hellip;]<\/p>\n","protected":false},"author":1,"featured_media":0,"parent":0,"menu_order":0,"comment_status":"closed","ping_status":"closed","template":"","meta":[],"yoast_head":"<!-- This site is optimized with the Yoast SEO plugin v19.9 - https:\/\/yoast.com\/wordpress\/plugins\/seo\/ -->\n<title>Accessoires voor Houten Terras Leggen | Kwaliteitsgereedschap van N\u00d6VLEK<\/title>\n<meta name=\"description\" content=\"Vind bij N\u00d6VLEK alle essenti\u00eble accessoires voor uw houten terras: spacers, boren, klemmen en afdekdopjes voor een perfecte afwerking.\" \/>\n<meta name=\"robots\" content=\"index, follow, max-snippet:-1, max-image-preview:large, max-video-preview:-1\" \/>\n<link rel=\"canonical\" href=\"https:\/\/novlek.com\/nl\/gereeedschap-accessoires\/\" \/>\n<meta property=\"og:locale\" content=\"nl_NL\" \/>\n<meta property=\"og:type\" content=\"article\" \/>\n<meta property=\"og:title\" content=\"Accessoires voor Houten Terras Leggen | Kwaliteitsgereedschap van N\u00d6VLEK\" \/>\n<meta property=\"og:description\" content=\"Vind bij N\u00d6VLEK alle essenti\u00eble accessoires voor uw houten terras: spacers, boren, klemmen en afdekdopjes voor een perfecte afwerking.\" \/>\n<meta property=\"og:url\" content=\"https:\/\/novlek.com\/nl\/gereeedschap-accessoires\/\" \/>\n<meta property=\"og:site_name\" content=\"N\u00d6VLEK\" \/>\n<meta property=\"article:modified_time\" content=\"2023-11-06T06:27:17+00:00\" \/>\n<meta name=\"twitter:card\" content=\"summary_large_image\" \/>\n<meta name=\"twitter:label1\" content=\"Geschatte leestijd\" \/>\n\t<meta name=\"twitter:data1\" content=\"2 minuten\" \/>\n<script type=\"application\/ld+json\" class=\"yoast-schema-graph\">{\"@context\":\"https:\/\/schema.org\",\"@graph\":[{\"@type\":\"WebPage\",\"@id\":\"https:\/\/novlek.com\/nl\/gereeedschap-accessoires\/\",\"url\":\"https:\/\/novlek.com\/nl\/gereeedschap-accessoires\/\",\"name\":\"Accessoires voor Houten Terras Leggen | Kwaliteitsgereedschap van N\u00d6VLEK\",\"isPartOf\":{\"@id\":\"https:\/\/novlek.com\/nl\/#website\"},\"datePublished\":\"2019-11-06T14:58:12+00:00\",\"dateModified\":\"2023-11-06T06:27:17+00:00\",\"description\":\"Vind bij N\u00d6VLEK alle essenti\u00eble accessoires voor uw houten terras: spacers, boren, klemmen en afdekdopjes voor een perfecte afwerking.\",\"breadcrumb\":{\"@id\":\"https:\/\/novlek.com\/nl\/gereeedschap-accessoires\/#breadcrumb\"},\"inLanguage\":\"nl\",\"potentialAction\":[{\"@type\":\"ReadAction\",\"target\":[\"https:\/\/novlek.com\/nl\/gereeedschap-accessoires\/\"]}]},{\"@type\":\"BreadcrumbList\",\"@id\":\"https:\/\/novlek.com\/nl\/gereeedschap-accessoires\/#breadcrumb\",\"itemListElement\":[{\"@type\":\"ListItem\",\"position\":1,\"name\":\"Accueil\",\"item\":\"https:\/\/novlek.com\/nl\/\"},{\"@type\":\"ListItem\",\"position\":2,\"name\":\"Gereeedschap &#038; Accessoires\"}]},{\"@type\":\"WebSite\",\"@id\":\"https:\/\/novlek.com\/nl\/#website\",\"url\":\"https:\/\/novlek.com\/nl\/\",\"name\":\"N\u00d6VLEK\",\"description\":\"Solutions for timber decking and cladding\",\"publisher\":{\"@id\":\"https:\/\/novlek.com\/nl\/#organization\"},\"potentialAction\":[{\"@type\":\"SearchAction\",\"target\":{\"@type\":\"EntryPoint\",\"urlTemplate\":\"https:\/\/novlek.com\/nl\/?s={search_term_string}\"},\"query-input\":\"required name=search_term_string\"}],\"inLanguage\":\"nl\"},{\"@type\":\"Organization\",\"@id\":\"https:\/\/novlek.com\/nl\/#organization\",\"name\":\"Novlek\",\"url\":\"https:\/\/novlek.com\/nl\/\",\"logo\":{\"@type\":\"ImageObject\",\"inLanguage\":\"nl\",\"@id\":\"https:\/\/novlek.com\/nl\/#\/schema\/logo\/image\/\",\"url\":\"https:\/\/novlek.com\/wp-content\/uploads\/2020\/04\/novlek_logo.png\",\"contentUrl\":\"https:\/\/novlek.com\/wp-content\/uploads\/2020\/04\/novlek_logo.png\",\"width\":342,\"height\":120,\"caption\":\"Novlek\"},\"image\":{\"@id\":\"https:\/\/novlek.com\/nl\/#\/schema\/logo\/image\/\"}}]}<\/script>\n<!-- \/ Yoast SEO plugin. -->","yoast_head_json":{"title":"Accessoires voor Houten Terras Leggen | Kwaliteitsgereedschap van N\u00d6VLEK","description":"Vind bij N\u00d6VLEK alle essenti\u00eble accessoires voor uw houten terras: spacers, boren, klemmen en afdekdopjes voor een perfecte afwerking.","robots":{"index":"index","follow":"follow","max-snippet":"max-snippet:-1","max-image-preview":"max-image-preview:large","max-video-preview":"max-video-preview:-1"},"canonical":"https:\/\/novlek.com\/nl\/gereeedschap-accessoires\/","og_locale":"nl_NL","og_type":"article","og_title":"Accessoires voor Houten Terras Leggen | Kwaliteitsgereedschap van N\u00d6VLEK","og_description":"Vind bij N\u00d6VLEK alle essenti\u00eble accessoires voor uw houten terras: spacers, boren, klemmen en afdekdopjes voor een perfecte afwerking.","og_url":"https:\/\/novlek.com\/nl\/gereeedschap-accessoires\/","og_site_name":"N\u00d6VLEK","article_modified_time":"2023-11-06T06:27:17+00:00","twitter_card":"summary_large_image","twitter_misc":{"Geschatte leestijd":"2 minuten"},"schema":{"@context":"https:\/\/schema.org","@graph":[{"@type":"WebPage","@id":"https:\/\/novlek.com\/nl\/gereeedschap-accessoires\/","url":"https:\/\/novlek.com\/nl\/gereeedschap-accessoires\/","name":"Accessoires voor Houten Terras Leggen | Kwaliteitsgereedschap van N\u00d6VLEK","isPartOf":{"@id":"https:\/\/novlek.com\/nl\/#website"},"datePublished":"2019-11-06T14:58:12+00:00","dateModified":"2023-11-06T06:27:17+00:00","description":"Vind bij N\u00d6VLEK alle essenti\u00eble accessoires voor uw houten terras: spacers, boren, klemmen en afdekdopjes voor een perfecte afwerking.","breadcrumb":{"@id":"https:\/\/novlek.com\/nl\/gereeedschap-accessoires\/#breadcrumb"},"inLanguage":"nl","potentialAction":[{"@type":"ReadAction","target":["https:\/\/novlek.com\/nl\/gereeedschap-accessoires\/"]}]},{"@type":"BreadcrumbList","@id":"https:\/\/novlek.com\/nl\/gereeedschap-accessoires\/#breadcrumb","itemListElement":[{"@type":"ListItem","position":1,"name":"Accueil","item":"https:\/\/novlek.com\/nl\/"},{"@type":"ListItem","position":2,"name":"Gereeedschap &#038; Accessoires"}]},{"@type":"WebSite","@id":"https:\/\/novlek.com\/nl\/#website","url":"https:\/\/novlek.com\/nl\/","name":"N\u00d6VLEK","description":"Solutions for timber decking and cladding","publisher":{"@id":"https:\/\/novlek.com\/nl\/#organization"},"potentialAction":[{"@type":"SearchAction","target":{"@type":"EntryPoint","urlTemplate":"https:\/\/novlek.com\/nl\/?s={search_term_string}"},"query-input":"required name=search_term_string"}],"inLanguage":"nl"},{"@type":"Organization","@id":"https:\/\/novlek.com\/nl\/#organization","name":"Novlek","url":"https:\/\/novlek.com\/nl\/","logo":{"@type":"ImageObject","inLanguage":"nl","@id":"https:\/\/novlek.com\/nl\/#\/schema\/logo\/image\/","url":"https:\/\/novlek.com\/wp-content\/uploads\/2020\/04\/novlek_logo.png","contentUrl":"https:\/\/novlek.com\/wp-content\/uploads\/2020\/04\/novlek_logo.png","width":342,"height":120,"caption":"Novlek"},"image":{"@id":"https:\/\/novlek.com\/nl\/#\/schema\/logo\/image\/"}}]}},"_links":{"self":[{"href":"https:\/\/novlek.com\/nl\/wp-json\/wp\/v2\/pages\/13858"}],"collection":[{"href":"https:\/\/novlek.com\/nl\/wp-json\/wp\/v2\/pages"}],"about":[{"href":"https:\/\/novlek.com\/nl\/wp-json\/wp\/v2\/types\/page"}],"author":[{"embeddable":true,"href":"https:\/\/novlek.com\/nl\/wp-json\/wp\/v2\/users\/1"}],"replies":[{"embeddable":true,"href":"https:\/\/novlek.com\/nl\/wp-json\/wp\/v2\/comments?post=13858"}],"version-history":[{"count":5,"href":"https:\/\/novlek.com\/nl\/wp-json\/wp\/v2\/pages\/13858\/revisions"}],"predecessor-version":[{"id":14032,"href":"https:\/\/novlek.com\/nl\/wp-json\/wp\/v2\/pages\/13858\/revisions\/14032"}],"wp:attachment":[{"href":"https:\/\/novlek.com\/nl\/wp-json\/wp\/v2\/media?parent=13858"}],"curies":[{"name":"wp","href":"https:\/\/api.w.org\/{rel}","templated":true}]}}