{"id":13834,"date":"2018-03-28T04:47:38","date_gmt":"2018-03-28T02:47:38","guid":{"rendered":"http:\/\/novlek.com\/a-propos-novlek\/"},"modified":"2023-11-06T07:30:00","modified_gmt":"2023-11-06T06:30:00","slug":"over-ons-novlek","status":"publish","type":"page","link":"https:\/\/novlek.com\/nl\/over-ons-novlek\/","title":{"rendered":"Over ons"},"content":{"rendered":"<section class=\"wpb-content-wrapper\"><p>[vc_row fullwidth=&#8221;has-fullwidth-column-no-padding&#8221; overflow_visible=&#8221;1&#8243; content_placement=&#8221;middle&#8221;][vc_column padding_top=&#8221;80&#8243; padding_right=&#8221;20px&#8221; padding_bottom=&#8221;80&#8243; padding_left=&#8221;20px&#8221; padding_top_tab=&#8221;80px&#8221; padding_right_tab=&#8221;80px&#8221; padding_bottom_tab=&#8221;80px&#8221; padding_left_tab=&#8221;80px&#8221; padding_top_mobile=&#8221;35px&#8221; padding_right_mobile=&#8221;35px&#8221; padding_bottom_mobile=&#8221;35px&#8221; padding_left_mobile=&#8221;35px&#8221; offset=&#8221;vc_col-md-offset-2 vc_col-md-3&#8243;][vc_column_text spacing_heading=&#8221;&#8221; spacing_heading_tab=&#8221;&#8221; spacing_heading_mobile=&#8221;&#8221;]<\/p>\n<h5>Wij geloven in simpele en effectieve producten<\/h5>\n<p>die zijn gemaakt met zorgvuldig gekozen materialen van de hoogste kwaliteit.[\/vc_column_text][vc_column_text spacing_heading=&#8221;&#8221; spacing_heading_tab=&#8221;&#8221; spacing_heading_mobile=&#8221;&#8221;]<\/p>\n<h5>We geloven in lokale productie en inkoop,<\/h5>\n<p>maar ook in respect voor onze werknemers en een goede samenwerking met onze partners.[\/vc_column_text][\/vc_column][vc_column parallax=&#8221;1&#8243; parallax_start=&#8221;transform:translateY(70px);&#8221; parallax_end=&#8221;transform:translateY(-70px);&#8221; margin_top_tab=&#8221;0px&#8221; offset=&#8221;vc_col-md-offset-2 vc_col-md-5&#8243;]<div class=\" agni-image custom-image-container agni-image-default text-left\">\r\n\t\t\t<figure class=\"agni-image-figure\">\r\n\t\t\t\t<img  width=\"960\" height=\"1180\" src=\"https:\/\/novlek.com\/wp-content\/uploads\/2019\/10\/About_DSC1246_2.jpg\" class=\"fullwidth-image attachment-full  attachment-full\" alt=\"\" decoding=\"async\" loading=\"lazy\" title=\"About_DSC1246_2\" srcset=\"https:\/\/novlek.com\/wp-content\/uploads\/2019\/10\/About_DSC1246_2.jpg 960w, https:\/\/novlek.com\/wp-content\/uploads\/2019\/10\/About_DSC1246_2-600x738.jpg 600w, https:\/\/novlek.com\/wp-content\/uploads\/2019\/10\/About_DSC1246_2-244x300.jpg 244w, https:\/\/novlek.com\/wp-content\/uploads\/2019\/10\/About_DSC1246_2-768x944.jpg 768w, https:\/\/novlek.com\/wp-content\/uploads\/2019\/10\/About_DSC1246_2-833x1024.jpg 833w\" sizes=\"(max-width: 960px) 100vw, 960px\" \/>\r\n\t\t\t\t<figcaption class=\"vc_figure-caption\"><\/figcaption>\r\n\t\t\t<\/figure>\r\n\t\t<\/div>[\/vc_column][\/vc_row][vc_row fullwidth=&#8221;has-fullwidth-column&#8221; content_placement=&#8221;middle&#8221; disable_element=&#8221;yes&#8221; padding_top=&#8221;0px&#8221; padding_right=&#8221;100&#8243; padding_bottom=&#8221;100&#8243; padding_left=&#8221;100&#8243; padding_top_tab=&#8221;40px&#8221; padding_right_tab=&#8221;10px&#8221; padding_bottom_tab=&#8221;40px&#8221; padding_left_tab=&#8221;10px&#8221;][vc_column width=&#8221;1\/2&#8243; margin_right=&#8221;40&#8243; margin_right_tab=&#8221;0px&#8221; offset=&#8221;vc_col-md-5&#8243;]<div class=\" agni-image custom-image-container agni-image-default text-left\">\r\n\t\t\t<figure class=\"agni-image-figure\">\r\n\t\t\t\t<img  width=\"1900\" height=\"1080\" src=\"https:\/\/novlek.com\/wp-content\/uploads\/2019\/10\/About_DSC1076_2.jpg\" class=\"fullwidth-image attachment-full  attachment-full\" alt=\"\" decoding=\"async\" loading=\"lazy\" title=\"About_DSC1076_2\" srcset=\"https:\/\/novlek.com\/wp-content\/uploads\/2019\/10\/About_DSC1076_2.jpg 1900w, https:\/\/novlek.com\/wp-content\/uploads\/2019\/10\/About_DSC1076_2-600x341.jpg 600w, https:\/\/novlek.com\/wp-content\/uploads\/2019\/10\/About_DSC1076_2-300x171.jpg 300w, https:\/\/novlek.com\/wp-content\/uploads\/2019\/10\/About_DSC1076_2-768x437.jpg 768w, https:\/\/novlek.com\/wp-content\/uploads\/2019\/10\/About_DSC1076_2-1024x582.jpg 1024w, https:\/\/novlek.com\/wp-content\/uploads\/2019\/10\/About_DSC1076_2-960x546.jpg 960w\" sizes=\"(max-width: 1900px) 100vw, 1900px\" \/>\r\n\t\t\t\t<figcaption class=\"vc_figure-caption\"><\/figcaption>\r\n\t\t\t<\/figure>\r\n\t\t<\/div>[\/vc_column][vc_column width=&#8221;5\/12&#8243; margin_right=&#8221;-40&#8243; margin_bottom=&#8221;-105&#8243; margin_left=&#8221;40&#8243; margin_right_tab=&#8221;15px&#8221; margin_bottom_tab=&#8221;-35px&#8221; margin_left_tab=&#8221;15px&#8221; margin_right_mobile=&#8221;0px&#8221; margin_bottom_mobile=&#8221;30px&#8221; margin_left_mobile=&#8221;0px&#8221; offset=&#8221;vc_col-md-4&#8243;]<div class=\" agni-image custom-image-container agni-image-default text-left\">\r\n\t\t\t<figure class=\"agni-image-figure\">\r\n\t\t\t\t<img  width=\"1900\" height=\"1080\" src=\"https:\/\/novlek.com\/wp-content\/uploads\/2019\/10\/About_IMG_3775.jpg\" class=\"fullwidth-image attachment-full  attachment-full\" alt=\"\" decoding=\"async\" loading=\"lazy\" title=\"About_IMG_3775\" srcset=\"https:\/\/novlek.com\/wp-content\/uploads\/2019\/10\/About_IMG_3775.jpg 1900w, https:\/\/novlek.com\/wp-content\/uploads\/2019\/10\/About_IMG_3775-600x341.jpg 600w, https:\/\/novlek.com\/wp-content\/uploads\/2019\/10\/About_IMG_3775-300x171.jpg 300w, https:\/\/novlek.com\/wp-content\/uploads\/2019\/10\/About_IMG_3775-768x437.jpg 768w, https:\/\/novlek.com\/wp-content\/uploads\/2019\/10\/About_IMG_3775-1024x582.jpg 1024w, https:\/\/novlek.com\/wp-content\/uploads\/2019\/10\/About_IMG_3775-960x546.jpg 960w\" sizes=\"(max-width: 1900px) 100vw, 1900px\" \/>\r\n\t\t\t\t<figcaption class=\"vc_figure-caption\"><\/figcaption>\r\n\t\t\t<\/figure>\r\n\t\t<\/div>[\/vc_column][\/vc_row][vc_row fullwidth=&#8221;has-fullwidth-column-no-padding&#8221; overflow_visible=&#8221;1&#8243; bg_color=&#8221;#1b1b1b&#8221; equal_height=&#8221;yes&#8221; margin_top=&#8221;170&#8243; margin_top_tab=&#8221;60px&#8221;][vc_column parallax=&#8221;1&#8243; parallax_start=&#8221;transform:translateY(70px);&#8221; parallax_end=&#8221;transform:translateY(-70px);&#8221; margin_top=&#8221;-170px&#8221; margin_left=&#8221;70&#8243; margin_top_tab=&#8221;-60px&#8221; margin_left_tab=&#8221;0px&#8221; offset=&#8221;vc_col-md-offset-5 vc_col-md-7&#8243;]<div class=\" agni-image custom-image-container agni-image-default text-left\">\r\n\t\t\t<figure class=\"agni-image-figure\">\r\n\t\t\t\t<img  width=\"1100\" height=\"605\" src=\"https:\/\/novlek.com\/wp-content\/uploads\/2019\/10\/About_44A8327.jpg\" class=\"fullwidth-image attachment-full  attachment-full\" alt=\"\" decoding=\"async\" loading=\"lazy\" title=\"About_44A8327\" srcset=\"https:\/\/novlek.com\/wp-content\/uploads\/2019\/10\/About_44A8327.jpg 1100w, https:\/\/novlek.com\/wp-content\/uploads\/2019\/10\/About_44A8327-600x330.jpg 600w, https:\/\/novlek.com\/wp-content\/uploads\/2019\/10\/About_44A8327-300x165.jpg 300w, https:\/\/novlek.com\/wp-content\/uploads\/2019\/10\/About_44A8327-768x422.jpg 768w, https:\/\/novlek.com\/wp-content\/uploads\/2019\/10\/About_44A8327-1024x563.jpg 1024w, https:\/\/novlek.com\/wp-content\/uploads\/2019\/10\/About_44A8327-960x528.jpg 960w\" sizes=\"(max-width: 1100px) 100vw, 1100px\" \/>\r\n\t\t\t\t<figcaption class=\"vc_figure-caption\"><\/figcaption>\r\n\t\t\t<\/figure>\r\n\t\t<\/div>[\/vc_column][\/vc_row][vc_row fullwidth=&#8221;has-fullwidth-column-no-padding&#8221; overflow_visible=&#8221;1&#8243; bg_color=&#8221;#1b1b1b&#8221; equal_height=&#8221;yes&#8221; margin_bottom=&#8221;350&#8243; padding_top=&#8221;75&#8243; margin_bottom_tab=&#8221;0px&#8221;][vc_column bg_choice=&#8221;2&#8243; bg_image=&#8221;8824&#8243; parallax=&#8221;1&#8243; parallax_start=&#8221;transform:translateY(70px);&#8221; parallax_end=&#8221;transform:translateY(-70px);&#8221; margin_right=&#8221;70&#8243; margin_bottom=&#8221;-350&#8243; padding_top=&#8221;460&#8243; padding_bottom=&#8221;460&#8243; margin_right_tab=&#8221;0px&#8221; margin_bottom_tab=&#8221;0px&#8221; padding_top_tab=&#8221;270&#8243; padding_bottom_tab=&#8221;270&#8243; margin_right_mobile=&#8221;0px&#8221; margin_bottom_mobile=&#8221;0px&#8221; padding_top_mobile=&#8221;150&#8243; padding_bottom_mobile=&#8221;150&#8243; offset=&#8221;vc_col-md-7&#8243;][\/vc_column][vc_column dark_mode=&#8221;has-dark-mode&#8221; margin_top=&#8221;100&#8243; margin_right=&#8221;40&#8243; margin_bottom=&#8221;60&#8243; margin_left=&#8221;-40&#8243; padding_top=&#8221;0px&#8221; padding_right=&#8221;85&#8243; padding_bottom=&#8221;0px&#8221; padding_left=&#8221;0px&#8221; margin_top_tab=&#8221;0px&#8221; margin_right_tab=&#8221;0px&#8221; margin_bottom_tab=&#8221;0px&#8221; margin_left_tab=&#8221;0px&#8221; padding_top_tab=&#8221;60px&#8221; padding_right_tab=&#8221;60px&#8221; padding_bottom_tab=&#8221;60px&#8221; padding_left_tab=&#8221;60px&#8221; margin_top_mobile=&#8221;0px&#8221; margin_right_mobile=&#8221;0px&#8221; margin_bottom_mobile=&#8221;0px&#8221; margin_left_mobile=&#8221;0px&#8221; padding_top_mobile=&#8221;35px&#8221; padding_right_mobile=&#8221;35px&#8221; padding_bottom_mobile=&#8221;60px&#8221; padding_left_mobile=&#8221;35px&#8221; offset=&#8221;vc_col-lg-3 vc_col-md-offset-1 vc_col-md-4&#8243;][vc_column_text spacing_heading=&#8221;&#8221; spacing_heading_tab=&#8221;&#8221; spacing_heading_mobile=&#8221;&#8221;]<\/p>\n<h5>We ontwerpen en ontwikkelen onze eigen producten,<\/h5>\n<p>tot in de kleinste details. We testen ze in ons laboratorium en in de praktijk, want we zijn van mening dat ze moeten worden goedgekeurd door degenen die ze gebruiken.[\/vc_column_text][vc_column_text spacing_heading=&#8221;&#8221; spacing_heading_tab=&#8221;&#8221; spacing_heading_mobile=&#8221;&#8221;]<\/p>\n<h5>We geloven in het ter discussie stellen van zekerheden en gewoontes,<\/h5>\n<p>in voortdurende innovatie en verbetering, in overdracht van kennis en ervaring voor een hogere kwaliteit van werk en leven.[\/vc_column_text][\/vc_column][\/vc_row][vc_row fullwidth=&#8221;has-fullwidth-column-no-padding&#8221; overflow_visible=&#8221;1&#8243; content_placement=&#8221;middle&#8221;][vc_column padding_top=&#8221;80&#8243; padding_right=&#8221;20px&#8221; padding_bottom=&#8221;80&#8243; padding_left=&#8221;20px&#8221; padding_top_tab=&#8221;80px&#8221; padding_right_tab=&#8221;80px&#8221; padding_bottom_tab=&#8221;80px&#8221; padding_left_tab=&#8221;80px&#8221; padding_top_mobile=&#8221;35px&#8221; padding_right_mobile=&#8221;35px&#8221; padding_bottom_mobile=&#8221;35px&#8221; padding_left_mobile=&#8221;35px&#8221; offset=&#8221;vc_col-md-offset-2 vc_col-md-3&#8243;][vc_column_text spacing_heading=&#8221;&#8221; spacing_heading_tab=&#8221;&#8221; spacing_heading_mobile=&#8221;&#8221;]<\/p>\n<h5>We geloven in het belang van klanten en gebruikers die tevreden zijn over onze producten en er zelfs net zo trots op zijn als wij,<\/h5>\n<p>en we proberen ze een onberispelijke service te bieden.[\/vc_column_text][vc_column_text spacing_heading=&#8221;&#8221; spacing_heading_tab=&#8221;&#8221; spacing_heading_mobile=&#8221;&#8221;]<\/p>\n<h5>We geloven dat niets vanzelfsprekend is<\/h5>\n<p>en dat we elke dag weer het vertrouwen moeten verdienen dat onze klanten en de gebruikers van onze producten in ons hebben.[\/vc_column_text][vc_column_text spacing_heading=&#8221;&#8221; spacing_heading_tab=&#8221;&#8221; spacing_heading_mobile=&#8221;&#8221;]<\/p>\n<h3>Wij zeggen dankjewel!<\/h3>\n<p>[\/vc_column_text][\/vc_column][vc_column parallax=&#8221;1&#8243; parallax_start=&#8221;transform:translateY(70px);&#8221; parallax_end=&#8221;transform:translateY(-70px);&#8221; margin_top=&#8221;-200px&#8221; margin_top_tab=&#8221;0px&#8221; offset=&#8221;vc_col-md-offset-2 vc_col-md-5&#8243;]<div class=\" agni-image custom-image-container agni-image-default text-left\">\r\n\t\t\t<figure class=\"agni-image-figure\">\r\n\t\t\t\t<img  width=\"960\" height=\"1180\" src=\"https:\/\/novlek.com\/wp-content\/uploads\/2020\/09\/About_CL4A2629.jpg\" class=\"fullwidth-image attachment-full  attachment-full\" alt=\"\" decoding=\"async\" loading=\"lazy\" title=\"About_CL4A2629\" srcset=\"https:\/\/novlek.com\/wp-content\/uploads\/2020\/09\/About_CL4A2629.jpg 960w, https:\/\/novlek.com\/wp-content\/uploads\/2020\/09\/About_CL4A2629-244x300.jpg 244w, https:\/\/novlek.com\/wp-content\/uploads\/2020\/09\/About_CL4A2629-833x1024.jpg 833w, https:\/\/novlek.com\/wp-content\/uploads\/2020\/09\/About_CL4A2629-768x944.jpg 768w, https:\/\/novlek.com\/wp-content\/uploads\/2020\/09\/About_CL4A2629-600x738.jpg 600w\" sizes=\"(max-width: 960px) 100vw, 960px\" \/>\r\n\t\t\t\t<figcaption class=\"vc_figure-caption\"><\/figcaption>\r\n\t\t\t<\/figure>\r\n\t\t<\/div>[\/vc_column][\/vc_row][vc_row disable_element=&#8221;yes&#8221; padding_top=&#8221;50&#8243; padding_bottom=&#8221;50&#8243; padding_top_tab=&#8221;40&#8243; padding_bottom_tab=&#8221;40&#8243; el_id=&#8221;home6-calltoaction&#8221; el_class=&#8221;home6-calltoaction&#8221;][vc_column width=&#8221;5\/6&#8243; padding_top=&#8221;40&#8243; padding_bottom=&#8221;60&#8243; offset=&#8221;vc_col-md-offset-3 vc_col-md-6 vc_col-sm-offset-1&#8243;][vc_custom_heading text=&#8221;Nous croyons en l\u2019importance d\u2019avoir des clients et des utilisateurs heureux et fiers de nos produits, comme nous le sommes et de leur offrir un accueil et un service irr\u00e9prochable.Nous croyons que rien n\u2019est acquis et que chaque jour, nous devons m\u00e9riter la confiance que nos clients et les utilisateurs de nos produits nous t\u00e9moignent.Nous leurs disons merci !&#8221; font_container=&#8221;tag:h5|text_align:center|line_height:1.5&#8243; responsive_font_size=&#8221;yes&#8221; custom_font_size_tab=&#8221;20&#8243; custom_font_size_mobile=&#8221;16&#8243;][\/vc_column][\/vc_row][vc_row fullwidth=&#8221;has-fullwidth-column-no-padding&#8221; equal_height=&#8221;yes&#8221; margin_top=&#8221;50&#8243; margin_bottom=&#8221;125&#8243;][vc_column bg_color=&#8221;#c6c6c6&#8243; width=&#8221;1\/2&#8243; padding_top=&#8221;100&#8243; padding_right=&#8221;120&#8243; padding_bottom=&#8221;170&#8243; padding_left=&#8221;120&#8243; padding_top_tab=&#8221;50&#8243; padding_right_tab=&#8221;60&#8243; padding_bottom_tab=&#8221;70&#8243; padding_left_tab=&#8221;60&#8243;][vc_custom_heading text=&#8221;Wilt u meer weten over onze producten, diensten en activiteiten?&#8221; font_container=&#8221;tag:h5|text_align:left&#8221;][vc_empty_space height=&#8221;5&#8243;][vc_custom_heading text=&#8221;Aarzel niet om contact met ons op te nemen.&#8221; font_container=&#8221;tag:p|text_align:left&#8221;][vc_empty_space height=&#8221;5&#8243;]<div class=\"yellow agni-button  text-left page-scroll\"><a class=\"agni_custom_design_css btn btn-sm btn-accent\" target=\"_self\" href=\"\/contact-novlek\/\"  >Contactez-nous<\/a><\/div>[\/vc_column][vc_column dark_mode=&#8221;has-dark-mode&#8221; bg_color=&#8221;#1b1b1b&#8221; width=&#8221;1\/2&#8243; padding_top=&#8221;100&#8243; padding_right=&#8221;120&#8243; padding_bottom=&#8221;170&#8243; padding_left=&#8221;120&#8243; padding_top_tab=&#8221;50&#8243; padding_right_tab=&#8221;60&#8243; padding_bottom_tab=&#8221;70&#8243; padding_left_tab=&#8221;60&#8243;][vc_custom_heading text=&#8221;Onze productcatalogus aanvragen?&#8221; font_container=&#8221;tag:h5|text_align:left&#8221;][vc_empty_space height=&#8221;5&#8243;][vc_custom_heading text=&#8221;Klik op de knop en vul het formulier in.&#8221; font_container=&#8221;tag:p|text_align:left&#8221;][vc_empty_space height=&#8221;5&#8243;]<div class=\" agni-button  text-left page-scroll\"><a class=\"agni_custom_design_css btn btn-sm btn-white\" target=\"_blank\" href=\"\/commande-catalogue\/\"  >Commandez<\/a><\/div>[\/vc_column][\/vc_row]<\/p>\n<\/section>","protected":false},"excerpt":{"rendered":"<p>[vc_row fullwidth=&#8221;has-fullwidth-column-no-padding&#8221; overflow_visible=&#8221;1&#8243; content_placement=&#8221;middle&#8221;][vc_column padding_top=&#8221;80&#8243; padding_right=&#8221;20px&#8221; padding_bottom=&#8221;80&#8243; padding_left=&#8221;20px&#8221; padding_top_tab=&#8221;80px&#8221; padding_right_tab=&#8221;80px&#8221; padding_bottom_tab=&#8221;80px&#8221; padding_left_tab=&#8221;80px&#8221; padding_top_mobile=&#8221;35px&#8221; padding_right_mobile=&#8221;35px&#8221; padding_bottom_mobile=&#8221;35px&#8221; padding_left_mobile=&#8221;35px&#8221; offset=&#8221;vc_col-md-offset-2 vc_col-md-3&#8243;][vc_column_text spacing_heading=&#8221;&#8221; spacing_heading_tab=&#8221;&#8221; spacing_heading_mobile=&#8221;&#8221;] Wij geloven in simpele en effectieve producten die zijn gemaakt met zorgvuldig gekozen materialen van de hoogste kwaliteit.[\/vc_column_text][vc_column_text spacing_heading=&#8221;&#8221; spacing_heading_tab=&#8221;&#8221; spacing_heading_mobile=&#8221;&#8221;] We geloven in lokale productie en inkoop, maar ook in respect voor onze [&hellip;]<\/p>\n","protected":false},"author":1,"featured_media":0,"parent":0,"menu_order":0,"comment_status":"closed","ping_status":"closed","template":"","meta":[],"yoast_head":"<!-- This site is optimized with the Yoast SEO plugin v19.9 - https:\/\/yoast.com\/wordpress\/plugins\/seo\/ -->\n<title>Snelle en Effici\u00ebnte Houten Terrasinstallatie | Over N\u00d6VLEK<\/title>\n<meta name=\"description\" content=\"N\u00d6VLEK maakt uw houten terrasinstallatie snel en simpel met topkwaliteit, lokaal geproduceerde producten. Ontdek onze toewijding aan innovatie, kwaliteit en uitmuntende klantenservice.\" \/>\n<meta name=\"robots\" content=\"index, follow, max-snippet:-1, max-image-preview:large, max-video-preview:-1\" \/>\n<link rel=\"canonical\" href=\"https:\/\/novlek.com\/nl\/over-ons-novlek\/\" \/>\n<meta property=\"og:locale\" content=\"nl_NL\" \/>\n<meta property=\"og:type\" content=\"article\" \/>\n<meta property=\"og:title\" content=\"Snelle en Effici\u00ebnte Houten Terrasinstallatie | Over N\u00d6VLEK\" \/>\n<meta property=\"og:description\" content=\"N\u00d6VLEK maakt uw houten terrasinstallatie snel en simpel met topkwaliteit, lokaal geproduceerde producten. Ontdek onze toewijding aan innovatie, kwaliteit en uitmuntende klantenservice.\" \/>\n<meta property=\"og:url\" content=\"https:\/\/novlek.com\/nl\/over-ons-novlek\/\" \/>\n<meta property=\"og:site_name\" content=\"N\u00d6VLEK\" \/>\n<meta property=\"article:modified_time\" content=\"2023-11-06T06:30:00+00:00\" \/>\n<meta name=\"twitter:card\" content=\"summary_large_image\" \/>\n<meta name=\"twitter:label1\" content=\"Geschatte leestijd\" \/>\n\t<meta name=\"twitter:data1\" content=\"3 minuten\" \/>\n<script type=\"application\/ld+json\" class=\"yoast-schema-graph\">{\"@context\":\"https:\/\/schema.org\",\"@graph\":[{\"@type\":\"WebPage\",\"@id\":\"https:\/\/novlek.com\/nl\/over-ons-novlek\/\",\"url\":\"https:\/\/novlek.com\/nl\/over-ons-novlek\/\",\"name\":\"Snelle en Effici\u00ebnte Houten Terrasinstallatie | Over N\u00d6VLEK\",\"isPartOf\":{\"@id\":\"https:\/\/novlek.com\/nl\/#website\"},\"datePublished\":\"2018-03-28T02:47:38+00:00\",\"dateModified\":\"2023-11-06T06:30:00+00:00\",\"description\":\"N\u00d6VLEK maakt uw houten terrasinstallatie snel en simpel met topkwaliteit, lokaal geproduceerde producten. Ontdek onze toewijding aan innovatie, kwaliteit en uitmuntende klantenservice.\",\"breadcrumb\":{\"@id\":\"https:\/\/novlek.com\/nl\/over-ons-novlek\/#breadcrumb\"},\"inLanguage\":\"nl\",\"potentialAction\":[{\"@type\":\"ReadAction\",\"target\":[\"https:\/\/novlek.com\/nl\/over-ons-novlek\/\"]}]},{\"@type\":\"BreadcrumbList\",\"@id\":\"https:\/\/novlek.com\/nl\/over-ons-novlek\/#breadcrumb\",\"itemListElement\":[{\"@type\":\"ListItem\",\"position\":1,\"name\":\"Accueil\",\"item\":\"https:\/\/novlek.com\/nl\/\"},{\"@type\":\"ListItem\",\"position\":2,\"name\":\"Over ons\"}]},{\"@type\":\"WebSite\",\"@id\":\"https:\/\/novlek.com\/nl\/#website\",\"url\":\"https:\/\/novlek.com\/nl\/\",\"name\":\"N\u00d6VLEK\",\"description\":\"Solutions for timber decking and cladding\",\"publisher\":{\"@id\":\"https:\/\/novlek.com\/nl\/#organization\"},\"potentialAction\":[{\"@type\":\"SearchAction\",\"target\":{\"@type\":\"EntryPoint\",\"urlTemplate\":\"https:\/\/novlek.com\/nl\/?s={search_term_string}\"},\"query-input\":\"required name=search_term_string\"}],\"inLanguage\":\"nl\"},{\"@type\":\"Organization\",\"@id\":\"https:\/\/novlek.com\/nl\/#organization\",\"name\":\"Novlek\",\"url\":\"https:\/\/novlek.com\/nl\/\",\"logo\":{\"@type\":\"ImageObject\",\"inLanguage\":\"nl\",\"@id\":\"https:\/\/novlek.com\/nl\/#\/schema\/logo\/image\/\",\"url\":\"https:\/\/novlek.com\/wp-content\/uploads\/2020\/04\/novlek_logo.png\",\"contentUrl\":\"https:\/\/novlek.com\/wp-content\/uploads\/2020\/04\/novlek_logo.png\",\"width\":342,\"height\":120,\"caption\":\"Novlek\"},\"image\":{\"@id\":\"https:\/\/novlek.com\/nl\/#\/schema\/logo\/image\/\"}}]}<\/script>\n<!-- \/ Yoast SEO plugin. -->","yoast_head_json":{"title":"Snelle en Effici\u00ebnte Houten Terrasinstallatie | Over N\u00d6VLEK","description":"N\u00d6VLEK maakt uw houten terrasinstallatie snel en simpel met topkwaliteit, lokaal geproduceerde producten. Ontdek onze toewijding aan innovatie, kwaliteit en uitmuntende klantenservice.","robots":{"index":"index","follow":"follow","max-snippet":"max-snippet:-1","max-image-preview":"max-image-preview:large","max-video-preview":"max-video-preview:-1"},"canonical":"https:\/\/novlek.com\/nl\/over-ons-novlek\/","og_locale":"nl_NL","og_type":"article","og_title":"Snelle en Effici\u00ebnte Houten Terrasinstallatie | Over N\u00d6VLEK","og_description":"N\u00d6VLEK maakt uw houten terrasinstallatie snel en simpel met topkwaliteit, lokaal geproduceerde producten. Ontdek onze toewijding aan innovatie, kwaliteit en uitmuntende klantenservice.","og_url":"https:\/\/novlek.com\/nl\/over-ons-novlek\/","og_site_name":"N\u00d6VLEK","article_modified_time":"2023-11-06T06:30:00+00:00","twitter_card":"summary_large_image","twitter_misc":{"Geschatte leestijd":"3 minuten"},"schema":{"@context":"https:\/\/schema.org","@graph":[{"@type":"WebPage","@id":"https:\/\/novlek.com\/nl\/over-ons-novlek\/","url":"https:\/\/novlek.com\/nl\/over-ons-novlek\/","name":"Snelle en Effici\u00ebnte Houten Terrasinstallatie | Over N\u00d6VLEK","isPartOf":{"@id":"https:\/\/novlek.com\/nl\/#website"},"datePublished":"2018-03-28T02:47:38+00:00","dateModified":"2023-11-06T06:30:00+00:00","description":"N\u00d6VLEK maakt uw houten terrasinstallatie snel en simpel met topkwaliteit, lokaal geproduceerde producten. Ontdek onze toewijding aan innovatie, kwaliteit en uitmuntende klantenservice.","breadcrumb":{"@id":"https:\/\/novlek.com\/nl\/over-ons-novlek\/#breadcrumb"},"inLanguage":"nl","potentialAction":[{"@type":"ReadAction","target":["https:\/\/novlek.com\/nl\/over-ons-novlek\/"]}]},{"@type":"BreadcrumbList","@id":"https:\/\/novlek.com\/nl\/over-ons-novlek\/#breadcrumb","itemListElement":[{"@type":"ListItem","position":1,"name":"Accueil","item":"https:\/\/novlek.com\/nl\/"},{"@type":"ListItem","position":2,"name":"Over ons"}]},{"@type":"WebSite","@id":"https:\/\/novlek.com\/nl\/#website","url":"https:\/\/novlek.com\/nl\/","name":"N\u00d6VLEK","description":"Solutions for timber decking and cladding","publisher":{"@id":"https:\/\/novlek.com\/nl\/#organization"},"potentialAction":[{"@type":"SearchAction","target":{"@type":"EntryPoint","urlTemplate":"https:\/\/novlek.com\/nl\/?s={search_term_string}"},"query-input":"required name=search_term_string"}],"inLanguage":"nl"},{"@type":"Organization","@id":"https:\/\/novlek.com\/nl\/#organization","name":"Novlek","url":"https:\/\/novlek.com\/nl\/","logo":{"@type":"ImageObject","inLanguage":"nl","@id":"https:\/\/novlek.com\/nl\/#\/schema\/logo\/image\/","url":"https:\/\/novlek.com\/wp-content\/uploads\/2020\/04\/novlek_logo.png","contentUrl":"https:\/\/novlek.com\/wp-content\/uploads\/2020\/04\/novlek_logo.png","width":342,"height":120,"caption":"Novlek"},"image":{"@id":"https:\/\/novlek.com\/nl\/#\/schema\/logo\/image\/"}}]}},"_links":{"self":[{"href":"https:\/\/novlek.com\/nl\/wp-json\/wp\/v2\/pages\/13834"}],"collection":[{"href":"https:\/\/novlek.com\/nl\/wp-json\/wp\/v2\/pages"}],"about":[{"href":"https:\/\/novlek.com\/nl\/wp-json\/wp\/v2\/types\/page"}],"author":[{"embeddable":true,"href":"https:\/\/novlek.com\/nl\/wp-json\/wp\/v2\/users\/1"}],"replies":[{"embeddable":true,"href":"https:\/\/novlek.com\/nl\/wp-json\/wp\/v2\/comments?post=13834"}],"version-history":[{"count":11,"href":"https:\/\/novlek.com\/nl\/wp-json\/wp\/v2\/pages\/13834\/revisions"}],"predecessor-version":[{"id":14041,"href":"https:\/\/novlek.com\/nl\/wp-json\/wp\/v2\/pages\/13834\/revisions\/14041"}],"wp:attachment":[{"href":"https:\/\/novlek.com\/nl\/wp-json\/wp\/v2\/media?parent=13834"}],"curies":[{"name":"wp","href":"https:\/\/api.w.org\/{rel}","templated":true}]}}